{"id":4056,"date":"2021-03-24T09:03:02","date_gmt":"2021-03-24T09:03:02","guid":{"rendered":"https:\/\/web-321.de\/ferienvilla_relaunch\/fuer-hauseigentuemer\/"},"modified":"2025-09-14T11:38:40","modified_gmt":"2025-09-14T11:38:40","slug":"for-homeowners","status":"publish","type":"page","link":"https:\/\/ferienvilla-florida.de\/en\/for-homeowners\/","title":{"rendered":"For homeowners"},"content":{"rendered":"<h1>For Houseowners<\/h1>\n<h1>Present your vacation villa on Ferienvilla-Florida.<\/h1>\n<div>\n<div class=\"elementor-element elementor-element-369af23 elementor-widget elementor-widget-text-editor\" data-id=\"369af23\" data-element_type=\"widget\" data-widget_type=\"text-editor.default\">\n<div class=\"elementor-widget-container\">\n<div class=\"elementor-text-editor elementor-clearfix\">\n<p>Dear house owner,<\/p>\n<p>Do you have a nice holiday villa and are you interested in presenting it on our website?<br \/>Then we look forward to hearing from you, by phone or by phone<\/p>\n<p><a style=\"font-size: 22px; font-weight: bold;\" href=\"mailto:info@ferienvilla-florida.de\">info@ferienvilla-florida.de<\/a>\u00a0<\/p>\n<p>We are happy to discuss details with you and of course without obligation.<\/p>\n<p> Yours sincerely<\/p>\n<p>Tom u. Astrid Kremer<\/p>\n<\/div>\n<\/div>\n<\/div>\n<\/div>\n<div>\n<h3>Usefull Information<\/h3>\n<div>\n<p><a href=\"https:\/\/ferienvilla-florida.de\/en\/news\/\">News<\/a><\/p>\n<p><a href=\"https:\/\/ferienvilla-florida.de\/en\/entry\/\">Entry<\/a><\/p>\n<p><a href=\"https:\/\/ferienvilla-florida.de\/en\/florida\/\">Florida<\/a><\/p>\n<p><a href=\"https:\/\/ferienvilla-florida.de\/en\/activities\/\">Activities<\/a><\/p>\n<p><a href=\"https:\/\/ferienvilla-florida.de\/en\/for-homeowners\/\">For Homeowners<\/a><\/p>\n<p><a href=\"https:\/\/ferienvilla-florida.de\/en\/real-estate\/\">Real Estate<\/a><\/p>\n<p><a href=\"https:\/\/ferienvilla-florida.de\/en\/travel-agency-in-cape-coral\/\">Travel Agency in Cape Coral<\/a><\/p>\n<p><a href=\"https:\/\/ferienvilla-florida.de\/en\/german-bakery-in-cape-coral\/\">German bakery in Cape Coral<\/a><\/p>\n<\/div>\n<\/div>\n<h1>Sie sind Hauseigent\u00fcmer und m\u00f6chten Ihre Villa auf unserer Seite pr\u00e4sentieren?<\/h1>\n<p><p>\n        <a href=\"\/kontakt\/\">Schreiben Sie uns eine Nachricht<\/a>\n    <\/p>\n<\/p>\n<div>Wir freuen uns auf Ihre Anfrage. <\/div>\n<p><!--more--><br \/>\n<!-- {\"name\":\"news\",\"type\":\"layout\",\"children\":[{\"type\":\"section\",\"props\":{\"id\":\"end\",\"image_position\":\"center-center\",\"preserve_color\":true,\"style\":\"muted\",\"title_breakpoint\":\"xl\",\"title_position\":\"top-left\",\"title_rotation\":\"left\",\"vertical_align\":\"\",\"width\":\"large\"},\"children\":[{\"type\":\"row\",\"children\":[{\"type\":\"column\",\"props\":{\"image_position\":\"center-center\",\"position_sticky_breakpoint\":\"m\"},\"children\":[{\"type\":\"headline\",\"props\":{\"content\":\"For Houseowners\",\"margin\":\"large\",\"text_align\":\"left\",\"title_element\":\"h1\"}}]}]},{\"type\":\"row\",\"children\":[{\"type\":\"column\",\"props\":{\"image_position\":\"center-center\",\"position_sticky_breakpoint\":\"m\",\"width_medium\":\"3-4\"},\"children\":[{\"type\":\"headline\",\"props\":{\"content\":\"Present your vacation villa on Ferienvilla-Florida.\",\"margin\":\"large\",\"margin_remove_bottom\":true,\"text_align\":\"left\",\"title_element\":\"h1\",\"title_style\":\"h3\"}},{\"type\":\"text\",\"props\":{\"column_breakpoint\":\"m\",\"content\":\"\n\n<div class=\\\"elementor-element elementor-element-369af23 elementor-widget elementor-widget-text-editor\\\" data-id=\\\"369af23\\\" data-element_type=\\\"widget\\\" data-widget_type=\\\"text-editor.default\\\">\\n\n\n<div class=\\\"elementor-widget-container\\\">\\n\n\n<div class=\\\"elementor-text-editor elementor-clearfix\\\">\\n\n\n<p>Dear house owner,<\\\/p>\\n\n\n<p>Do you have a nice holiday villa and are you interested in presenting it on our website?<br \\\/>Then we look forward to hearing from you, by phone or by phone<\\\/p>\\n\n\n<p><a style=\\\"font-size: 22px; font-weight: bold;\\\" href=\\\"mailto:info@ferienvilla-florida.de\\\">info@ferienvilla-florida.de<\\\/a>\\u00a0<\\\/p>\\n\n\n<p>We are happy to discuss details with you and of course without obligation.<\\\/p>\\n\n\n<p> Yours sincerely<\\\/p>\\n\n\n<p>Tom u. Astrid Kremer<\\\/p>\\n<\\\/div>\\n<\\\/div>\\n<\\\/div>\",\"margin\":\"default\"}}]},{\"type\":\"column\",\"props\":{\"image_position\":\"center-center\",\"position_sticky_breakpoint\":\"m\",\"width_medium\":\"1-4\"},\"children\":[{\"type\":\"panel\",\"props\":{\"class\":\"sidebar\",\"content\":\"\n\n<p><a href=\\\"https:\\\/\\\/ferienvilla-florida.de\\\/en\\\/news\\\/\\\">News<\\\/a><\\\/p>\\n\n\n<p><a href=\\\"https:\\\/\\\/ferienvilla-florida.de\\\/en\\\/entry\\\/\\\">Entry<\\\/a><\\\/p>\\n\n\n<p><a href=\\\"https:\\\/\\\/ferienvilla-florida.de\\\/en\\\/florida\\\/\\\">Florida<\\\/a><\\\/p>\\n\n\n<p><a href=\\\"https:\\\/\\\/ferienvilla-florida.de\\\/en\\\/activities\\\/\\\">Activities<\\\/a><\\\/p>\\n\n\n<p><a href=\\\"https:\\\/\\\/ferienvilla-florida.de\\\/en\\\/for-homeowners\\\/\\\">For Homeowners<\\\/a><\\\/p>\\n\n\n<p><a href=\\\"https:\\\/\\\/ferienvilla-florida.de\\\/en\\\/real-estate\\\/\\\">Real Estate<\\\/a><\\\/p>\\n\n\n<p><a href=\\\"https:\\\/\\\/ferienvilla-florida.de\\\/en\\\/travel-agency-in-cape-coral\\\/\\\">Travel Agency in Cape Coral<\\\/a><\\\/p>\\n\n\n<p><a href=\\\"https:\\\/\\\/ferienvilla-florida.de\\\/en\\\/german-bakery-in-cape-coral\\\/\\\">German bakery in Cape Coral<\\\/a><\\\/p>\",\"content_column_breakpoint\":\"m\",\"icon_width\":80,\"image_align\":\"top\",\"image_grid_breakpoint\":\"m\",\"image_grid_width\":\"1-2\",\"image_svg_color\":\"emphasis\",\"link_style\":\"default\",\"link_text\":\"Read more\",\"margin\":\"default\",\"meta_align\":\"below-title\",\"meta_element\":\"div\",\"meta_style\":\"text-meta\",\"panel_padding\":\"default\",\"panel_style\":\"card-default\",\"title\":\"Usefull Information\",\"title_align\":\"top\",\"title_element\":\"h3\",\"title_grid_breakpoint\":\"m\",\"title_grid_width\":\"1-2\",\"title_hover_style\":\"reset\",\"title_style\":\"h4\"},\"modified\":\"2022-01-14T10:51:40.041Z\",\"name\":\"sidebar_Usefull_Information_EN\"}]}],\"props\":{\"column_gap\":\"large\",\"divider\":false,\"layout\":\"3-4,1-4\"}}]},{\"type\":\"section\",\"props\":{\"image_position\":\"center-center\",\"style\":\"primary\",\"title_breakpoint\":\"xl\",\"title_position\":\"top-left\",\"title_rotation\":\"left\",\"vertical_align\":\"\",\"width\":\"small\"},\"children\":[{\"type\":\"row\",\"children\":[{\"type\":\"column\",\"props\":{\"image_position\":\"center-center\",\"position_sticky_breakpoint\":\"m\"},\"children\":[{\"type\":\"headline\",\"props\":{\"content\":\"Sie sind Hauseigent\\u00fcmer und m\\u00f6chten Ihre Villa auf unserer Seite pr\\u00e4sentieren?\",\"text_align\":\"center\",\"title_element\":\"h1\"}},{\"type\":\"button\",\"props\":{\"grid_column_gap\":\"small\",\"grid_row_gap\":\"small\",\"margin\":\"default\",\"text_align\":\"center\"},\"children\":[{\"type\":\"button_item\",\"props\":{\"button_style\":\"default\",\"content\":\"Schreiben Sie uns eine Nachricht\",\"dialog_layout\":\"modal\",\"dialog_offcanvas_flip\":true,\"icon_align\":\"left\",\"link\":\"kontakt\\\/\"}}]},{\"type\":\"text\",\"props\":{\"block_align\":\"center\",\"column_breakpoint\":\"m\",\"content\":\"Wir freuen uns auf Ihre Anfrage. \",\"margin\":\"default\",\"maxwidth\":\"medium\",\"text_align\":\"center\"}}]}]}]}],\"version\":\"4.5.7\"} --><\/p>\n","protected":false},"excerpt":{"rendered":"<p>For Houseowners Present your vacation villa on Ferienvilla-Florida. Dear house owner, Do you have a nice holiday villa and are you interested in presenting it on our website?Then we look forward to hearing from you, by phone or by phone info@ferienvilla-florida.de\u00a0 We are happy to discuss details with you and of course without obligation. Yours [&hellip;]<\/p>\n","protected":false},"author":1,"featured_media":0,"parent":0,"menu_order":0,"comment_status":"closed","ping_status":"closed","template":"","meta":{"_acf_changed":false,"footnotes":""},"class_list":["post-4056","page","type-page","status-publish","hentry"],"acf":[],"yoast_head":"<!-- This site is optimized with the Yoast SEO plugin v27.2 - https:\/\/yoast.com\/product\/yoast-seo-wordpress\/ -->\n<title>For homeowners - Ferienvilla-Florida<\/title>\n<meta name=\"robots\" content=\"index, follow, max-snippet:-1, max-image-preview:large, max-video-preview:-1\" \/>\n<link rel=\"canonical\" href=\"https:\/\/ferienvilla-florida.de\/fuer-hauseigentuemer\/\" \/>\n<meta property=\"og:locale\" content=\"en_US\" \/>\n<meta property=\"og:type\" content=\"article\" \/>\n<meta property=\"og:title\" content=\"For homeowners - Ferienvilla-Florida\" \/>\n<meta property=\"og:description\" content=\"For Houseowners Present your vacation villa on Ferienvilla-Florida. Dear house owner, Do you have a nice holiday villa and are you interested in presenting it on our website?Then we look forward to hearing from you, by phone or by phone info@ferienvilla-florida.de\u00a0 We are happy to discuss details with you and of course without obligation. Yours [&hellip;]\" \/>\n<meta property=\"og:url\" content=\"https:\/\/ferienvilla-florida.de\/fuer-hauseigentuemer\/\" \/>\n<meta property=\"og:site_name\" content=\"Ferienvilla-Florida\" \/>\n<meta property=\"article:modified_time\" content=\"2025-09-14T11:38:40+00:00\" \/>\n<meta name=\"twitter:card\" content=\"summary_large_image\" \/>\n<meta name=\"twitter:label1\" content=\"Est. reading time\" \/>\n\t<meta name=\"twitter:data1\" content=\"1 minute\" \/>\n<script type=\"application\/ld+json\" class=\"yoast-schema-graph\">{\"@context\":\"https:\/\/schema.org\",\"@graph\":[{\"@type\":\"WebPage\",\"@id\":\"https:\/\/ferienvilla-florida.de\/fuer-hauseigentuemer\/\",\"url\":\"https:\/\/ferienvilla-florida.de\/fuer-hauseigentuemer\/\",\"name\":\"For homeowners - Ferienvilla-Florida\",\"isPartOf\":{\"@id\":\"https:\/\/ferienvilla-florida.de\/#website\"},\"datePublished\":\"2021-03-24T09:03:02+00:00\",\"dateModified\":\"2025-09-14T11:38:40+00:00\",\"breadcrumb\":{\"@id\":\"https:\/\/ferienvilla-florida.de\/fuer-hauseigentuemer\/#breadcrumb\"},\"inLanguage\":\"en-US\",\"potentialAction\":[{\"@type\":\"ReadAction\",\"target\":[\"https:\/\/ferienvilla-florida.de\/fuer-hauseigentuemer\/\"]}]},{\"@type\":\"BreadcrumbList\",\"@id\":\"https:\/\/ferienvilla-florida.de\/fuer-hauseigentuemer\/#breadcrumb\",\"itemListElement\":[{\"@type\":\"ListItem\",\"position\":1,\"name\":\"Startseite\",\"item\":\"https:\/\/ferienvilla-florida.de\/\"},{\"@type\":\"ListItem\",\"position\":2,\"name\":\"For homeowners\"}]},{\"@type\":\"WebSite\",\"@id\":\"https:\/\/ferienvilla-florida.de\/#website\",\"url\":\"https:\/\/ferienvilla-florida.de\/\",\"name\":\"Ferienvilla-Florida\",\"description\":\"\",\"potentialAction\":[{\"@type\":\"SearchAction\",\"target\":{\"@type\":\"EntryPoint\",\"urlTemplate\":\"https:\/\/ferienvilla-florida.de\/?s={search_term_string}\"},\"query-input\":{\"@type\":\"PropertyValueSpecification\",\"valueRequired\":true,\"valueName\":\"search_term_string\"}}],\"inLanguage\":\"en-US\"}]}<\/script>\n<!-- \/ Yoast SEO plugin. -->","yoast_head_json":{"title":"For homeowners - Ferienvilla-Florida","robots":{"index":"index","follow":"follow","max-snippet":"max-snippet:-1","max-image-preview":"max-image-preview:large","max-video-preview":"max-video-preview:-1"},"canonical":"https:\/\/ferienvilla-florida.de\/fuer-hauseigentuemer\/","og_locale":"en_US","og_type":"article","og_title":"For homeowners - Ferienvilla-Florida","og_description":"For Houseowners Present your vacation villa on Ferienvilla-Florida. Dear house owner, Do you have a nice holiday villa and are you interested in presenting it on our website?Then we look forward to hearing from you, by phone or by phone info@ferienvilla-florida.de\u00a0 We are happy to discuss details with you and of course without obligation. Yours [&hellip;]","og_url":"https:\/\/ferienvilla-florida.de\/fuer-hauseigentuemer\/","og_site_name":"Ferienvilla-Florida","article_modified_time":"2025-09-14T11:38:40+00:00","twitter_card":"summary_large_image","twitter_misc":{"Est. reading time":"1 minute"},"schema":{"@context":"https:\/\/schema.org","@graph":[{"@type":"WebPage","@id":"https:\/\/ferienvilla-florida.de\/fuer-hauseigentuemer\/","url":"https:\/\/ferienvilla-florida.de\/fuer-hauseigentuemer\/","name":"For homeowners - Ferienvilla-Florida","isPartOf":{"@id":"https:\/\/ferienvilla-florida.de\/#website"},"datePublished":"2021-03-24T09:03:02+00:00","dateModified":"2025-09-14T11:38:40+00:00","breadcrumb":{"@id":"https:\/\/ferienvilla-florida.de\/fuer-hauseigentuemer\/#breadcrumb"},"inLanguage":"en-US","potentialAction":[{"@type":"ReadAction","target":["https:\/\/ferienvilla-florida.de\/fuer-hauseigentuemer\/"]}]},{"@type":"BreadcrumbList","@id":"https:\/\/ferienvilla-florida.de\/fuer-hauseigentuemer\/#breadcrumb","itemListElement":[{"@type":"ListItem","position":1,"name":"Startseite","item":"https:\/\/ferienvilla-florida.de\/"},{"@type":"ListItem","position":2,"name":"For homeowners"}]},{"@type":"WebSite","@id":"https:\/\/ferienvilla-florida.de\/#website","url":"https:\/\/ferienvilla-florida.de\/","name":"Ferienvilla-Florida","description":"","potentialAction":[{"@type":"SearchAction","target":{"@type":"EntryPoint","urlTemplate":"https:\/\/ferienvilla-florida.de\/?s={search_term_string}"},"query-input":{"@type":"PropertyValueSpecification","valueRequired":true,"valueName":"search_term_string"}}],"inLanguage":"en-US"}]}},"_links":{"self":[{"href":"https:\/\/ferienvilla-florida.de\/en\/wp-json\/wp\/v2\/pages\/4056","targetHints":{"allow":["GET"]}}],"collection":[{"href":"https:\/\/ferienvilla-florida.de\/en\/wp-json\/wp\/v2\/pages"}],"about":[{"href":"https:\/\/ferienvilla-florida.de\/en\/wp-json\/wp\/v2\/types\/page"}],"author":[{"embeddable":true,"href":"https:\/\/ferienvilla-florida.de\/en\/wp-json\/wp\/v2\/users\/1"}],"replies":[{"embeddable":true,"href":"https:\/\/ferienvilla-florida.de\/en\/wp-json\/wp\/v2\/comments?post=4056"}],"version-history":[{"count":5,"href":"https:\/\/ferienvilla-florida.de\/en\/wp-json\/wp\/v2\/pages\/4056\/revisions"}],"predecessor-version":[{"id":9613,"href":"https:\/\/ferienvilla-florida.de\/en\/wp-json\/wp\/v2\/pages\/4056\/revisions\/9613"}],"wp:attachment":[{"href":"https:\/\/ferienvilla-florida.de\/en\/wp-json\/wp\/v2\/media?parent=4056"}],"curies":[{"name":"wp","href":"https:\/\/api.w.org\/{rel}","templated":true}]}}